{"id":170,"date":"2024-04-03T18:22:18","date_gmt":"2024-04-03T18:22:18","guid":{"rendered":"https:\/\/nxt37516.nextadmin.hu\/wordpress\/?page_id=170"},"modified":"2024-05-12T20:13:14","modified_gmt":"2024-05-12T20:13:14","slug":"aviva","status":"publish","type":"page","link":"https:\/\/www.agijoga.hu\/?page_id=170","title":{"rendered":"Aviva"},"content":{"rendered":"\n<div class=\"wp-block-group has-global-padding is-layout-constrained wp-block-group-is-layout-constrained\"><h2 class=\"wp-block-post-title\">Aviva<\/h2><\/div>\n\n\n\n<hr class=\"wp-block-separator alignwide has-alpha-channel-opacity\"\/>\n\n\n\n<figure class=\"wp-block-image aligncenter size-full is-resized is-style-default wp-duotone-duotone-1\" data-aos=\"zoom-out\" data-aos-delay=\"250\" data-aos-duration=\"850\"><img loading=\"lazy\" decoding=\"async\" width=\"857\" height=\"439\" src=\"https:\/\/nxt37516.nextadmin.hu\/wordpress\/wp-content\/uploads\/2024\/04\/aviva-body-1.png\" alt=\"\" class=\"wp-image-454\" style=\"width:368px;height:auto\" srcset=\"https:\/\/www.agijoga.hu\/wp-content\/uploads\/2024\/04\/aviva-body-1.png 857w, https:\/\/www.agijoga.hu\/wp-content\/uploads\/2024\/04\/aviva-body-1-300x154.png 300w, https:\/\/www.agijoga.hu\/wp-content\/uploads\/2024\/04\/aviva-body-1-768x393.png 768w\" sizes=\"auto, (max-width: 857px) 100vw, 857px\" \/><\/figure>\n\n\n\n<div class=\"wp-block-group has-global-padding is-layout-constrained wp-block-group-is-layout-constrained\">\n<h3 class=\"wp-block-heading\" data-aos=\"fade\" data-aos-delay=\"300\" data-aos-duration=\"800\" data-aos-mirror=\"true\">Az Aviva &#8211; m\u00f3dszer:<\/h3>\n\n\n\n<p class=\"has-text-align-justify\" data-aos=\"fade\" data-aos-delay=\"350\" data-aos-duration=\"800\" data-aos-mirror=\"true\">Hivatalos oktat\u00f3ja vagyok m\u00e1r 2008 \u00f3ta Szegeden. Azon szerencs\u00e9sek k\u00f6z\u00e9 tartozom akik el\u0151sz\u0151r v\u00e9gezt\u00e9k el az oktat\u00f3i k\u00e9pz\u00e9st T\u00f3th L\u00edvi\u00e1n\u00e1l. M\u00e9g abban az \u00e9vben tal\u00e1lkoztam Aviva Gabriella Steiner-rel is Tel Aviv -ban.<\/p>\n\n\n\n<figure data-wp-context=\"{&quot;imageId&quot;:&quot;69e2330c3a012&quot;}\" data-wp-interactive=\"core\/image\" data-wp-key=\"69e2330c3a012\" class=\"wp-block-image aligncenter size-full is-resized wp-lightbox-container\" data-aos=\"zoom-in\" data-aos-delay=\"250\" data-aos-duration=\"800\" data-aos-mirror=\"true\"><img loading=\"lazy\" decoding=\"async\" width=\"744\" height=\"587\" data-wp-class--hide=\"state.isContentHidden\" data-wp-class--show=\"state.isContentVisible\" data-wp-init=\"callbacks.setButtonStyles\" data-wp-on--click=\"actions.showLightbox\" data-wp-on--load=\"callbacks.setButtonStyles\" data-wp-on-window--resize=\"callbacks.setButtonStyles\" src=\"https:\/\/nxt37516.nextadmin.hu\/wordpress\/wp-content\/uploads\/2024\/04\/aviva-csoport-liviaval_DxO.jpg\" alt=\"\" class=\"wp-image-359\" style=\"width:400px\" srcset=\"https:\/\/www.agijoga.hu\/wp-content\/uploads\/2024\/04\/aviva-csoport-liviaval_DxO.jpg 744w, https:\/\/www.agijoga.hu\/wp-content\/uploads\/2024\/04\/aviva-csoport-liviaval_DxO-300x237.jpg 300w\" sizes=\"auto, (max-width: 744px) 100vw, 744px\" \/><button\n\t\t\tclass=\"lightbox-trigger\"\n\t\t\ttype=\"button\"\n\t\t\taria-haspopup=\"dialog\"\n\t\t\taria-label=\"Nagy\u00edt\u00e1s\"\n\t\t\tdata-wp-init=\"callbacks.initTriggerButton\"\n\t\t\tdata-wp-on--click=\"actions.showLightbox\"\n\t\t\tdata-wp-style--right=\"state.imageButtonRight\"\n\t\t\tdata-wp-style--top=\"state.imageButtonTop\"\n\t\t>\n\t\t\t<svg xmlns=\"http:\/\/www.w3.org\/2000\/svg\" width=\"12\" height=\"12\" fill=\"none\" viewBox=\"0 0 12 12\">\n\t\t\t\t<path fill=\"#fff\" d=\"M2 0a2 2 0 0 0-2 2v2h1.5V2a.5.5 0 0 1 .5-.5h2V0H2Zm2 10.5H2a.5.5 0 0 1-.5-.5V8H0v2a2 2 0 0 0 2 2h2v-1.5ZM8 12v-1.5h2a.5.5 0 0 0 .5-.5V8H12v2a2 2 0 0 1-2 2H8Zm2-12a2 2 0 0 1 2 2v2h-1.5V2a.5.5 0 0 0-.5-.5H8V0h2Z\" \/>\n\t\t\t<\/svg>\n\t\t<\/button><figcaption class=\"wp-element-caption\">T\u00f3th L\u00edvia, az Aviva-m\u00f3dszer Magyarorsz\u00e1gra hoz\u00f3ja \u00e9s az els\u0151 k\u00f6rben hiteles oktat\u00f3i vizsg\u00e1zottak k\u00f6r\u00e9ben<\/figcaption><\/figure>\n<\/div>\n\n\n\n<div class=\"wp-block-group has-global-padding is-layout-constrained wp-block-group-is-layout-constrained\">\n<p class=\"has-text-align-justify\" data-aos=\"fade\" data-aos-delay=\"250\" data-aos-duration=\"800\" data-aos-mirror=\"true\">A m\u00f3dszer hat\u00e9konys\u00e1g\u00e1t a hossz\u00fa \u00e9vek bizony\u00edtott\u00e1k a gyakorl\u00f3k visszajelz\u00e9se alapj\u00e1n. Akinek gondja ad\u00f3dik eg\u00e9szs\u00e9g\u00e9vel, hormon\u00e1lis egyens\u00falya kibillen az keresi a lehet\u0151s\u00e9get, hogyan \u00e9s mivel hozza rendbe mag\u00e1t.<\/p>\n\n\n\n<p class=\"has-text-align-justify\" data-aos=\"fade\" data-aos-delay=\"250\" data-aos-duration=\"800\" data-aos-mirror=\"true\">Ennek egy igen fontos r\u00e9sz\u00e9hez j\u00e1rul hozz\u00e1 az Aviva-hormontorna, melyhez az eg\u00e9szs\u00e9ges \u00e9letm\u00f3d tan\u00e1csokat megsz\u00edvlelve&nbsp; ki-ki szorgalmas gyakorl\u00e1ssal tehet mag\u00e1\u00e9rt.<\/p>\n<\/div>\n\n\n\n<div class=\"wp-block-group has-global-padding is-layout-constrained wp-block-group-is-layout-constrained\">\n<p class=\"has-text-align-justify\" data-aos=\"fade\" data-aos-delay=\"250\" data-aos-duration=\"800\" data-aos-mirror=\"true\">Az \u00e9vek alatt gy\u0171jt\u00f6tt tapasztalattal, esetekkel meger\u0151s\u00edtve igyekszem biztatni a hozz\u00e1m fordul\u00f3kat, haszn\u00e1lhat\u00f3 inform\u00e1ci\u00f3val, szem\u00e9lyre sz\u00f3l\u00f3an ell\u00e1tni az eg\u00e9szs\u00e9g helyre\u00e1ll\u00edt\u00e1s\u00e1ban.<\/p>\n\n\n\n<p data-aos=\"fade\" data-aos-delay=\"250\" data-aos-mirror=\"true\">Az els\u0151 kiad\u00e1s\u00fa k\u00f6nyvek:<\/p>\n\n\n\n<div class=\"wp-block-columns is-layout-flex wp-container-core-columns-is-layout-28f84493 wp-block-columns-is-layout-flex\">\n<div class=\"wp-block-column has-mobile-text-align-center is-layout-flow wp-block-column-is-layout-flow\" data-aos=\"fade-right\" data-aos-delay=\"250\" data-aos-duration=\"1000\" data-aos-mirror=\"true\">\n<figure data-wp-context=\"{&quot;imageId&quot;:&quot;69e2330c3a891&quot;}\" data-wp-interactive=\"core\/image\" data-wp-key=\"69e2330c3a891\" class=\"wp-block-image alignright size-medium has-mobile-text-align-center wp-lightbox-container\"><img loading=\"lazy\" decoding=\"async\" width=\"219\" height=\"300\" data-wp-class--hide=\"state.isContentHidden\" data-wp-class--show=\"state.isContentVisible\" data-wp-init=\"callbacks.setButtonStyles\" data-wp-on--click=\"actions.showLightbox\" data-wp-on--load=\"callbacks.setButtonStyles\" data-wp-on-window--resize=\"callbacks.setButtonStyles\" src=\"https:\/\/nxt37516.nextadmin.hu\/wordpress\/wp-content\/uploads\/2024\/04\/aviva-modszer-1_DxO-219x300.jpg\" alt=\"\" class=\"wp-image-273\" style=\"object-fit:cover\" srcset=\"https:\/\/www.agijoga.hu\/wp-content\/uploads\/2024\/04\/aviva-modszer-1_DxO-219x300.jpg 219w, https:\/\/www.agijoga.hu\/wp-content\/uploads\/2024\/04\/aviva-modszer-1_DxO.jpg 510w\" sizes=\"auto, (max-width: 219px) 100vw, 219px\" \/><button\n\t\t\tclass=\"lightbox-trigger\"\n\t\t\ttype=\"button\"\n\t\t\taria-haspopup=\"dialog\"\n\t\t\taria-label=\"Nagy\u00edt\u00e1s\"\n\t\t\tdata-wp-init=\"callbacks.initTriggerButton\"\n\t\t\tdata-wp-on--click=\"actions.showLightbox\"\n\t\t\tdata-wp-style--right=\"state.imageButtonRight\"\n\t\t\tdata-wp-style--top=\"state.imageButtonTop\"\n\t\t>\n\t\t\t<svg xmlns=\"http:\/\/www.w3.org\/2000\/svg\" width=\"12\" height=\"12\" fill=\"none\" viewBox=\"0 0 12 12\">\n\t\t\t\t<path fill=\"#fff\" d=\"M2 0a2 2 0 0 0-2 2v2h1.5V2a.5.5 0 0 1 .5-.5h2V0H2Zm2 10.5H2a.5.5 0 0 1-.5-.5V8H0v2a2 2 0 0 0 2 2h2v-1.5ZM8 12v-1.5h2a.5.5 0 0 0 .5-.5V8H12v2a2 2 0 0 1-2 2H8Zm2-12a2 2 0 0 1 2 2v2h-1.5V2a.5.5 0 0 0-.5-.5H8V0h2Z\" \/>\n\t\t\t<\/svg>\n\t\t<\/button><\/figure>\n<\/div>\n\n\n\n<div class=\"wp-block-column has-mobile-text-align-center is-layout-flow wp-block-column-is-layout-flow\" data-aos=\"fade-left\" data-aos-delay=\"250\" data-aos-duration=\"1000\" data-aos-mirror=\"true\">\n<figure data-wp-context=\"{&quot;imageId&quot;:&quot;69e2330c3aea3&quot;}\" data-wp-interactive=\"core\/image\" data-wp-key=\"69e2330c3aea3\" class=\"wp-block-image alignleft size-medium has-mobile-text-align-center wp-lightbox-container\"><img loading=\"lazy\" decoding=\"async\" width=\"219\" height=\"300\" data-wp-class--hide=\"state.isContentHidden\" data-wp-class--show=\"state.isContentVisible\" data-wp-init=\"callbacks.setButtonStyles\" data-wp-on--click=\"actions.showLightbox\" data-wp-on--load=\"callbacks.setButtonStyles\" data-wp-on-window--resize=\"callbacks.setButtonStyles\" src=\"https:\/\/nxt37516.nextadmin.hu\/wordpress\/wp-content\/uploads\/2024\/04\/aviva-modszer-2_DxO-219x300.jpg\" alt=\"\" class=\"wp-image-274\" style=\"object-fit:cover\" srcset=\"https:\/\/www.agijoga.hu\/wp-content\/uploads\/2024\/04\/aviva-modszer-2_DxO-219x300.jpg 219w, https:\/\/www.agijoga.hu\/wp-content\/uploads\/2024\/04\/aviva-modszer-2_DxO.jpg 510w\" sizes=\"auto, (max-width: 219px) 100vw, 219px\" \/><button\n\t\t\tclass=\"lightbox-trigger\"\n\t\t\ttype=\"button\"\n\t\t\taria-haspopup=\"dialog\"\n\t\t\taria-label=\"Nagy\u00edt\u00e1s\"\n\t\t\tdata-wp-init=\"callbacks.initTriggerButton\"\n\t\t\tdata-wp-on--click=\"actions.showLightbox\"\n\t\t\tdata-wp-style--right=\"state.imageButtonRight\"\n\t\t\tdata-wp-style--top=\"state.imageButtonTop\"\n\t\t>\n\t\t\t<svg xmlns=\"http:\/\/www.w3.org\/2000\/svg\" width=\"12\" height=\"12\" fill=\"none\" viewBox=\"0 0 12 12\">\n\t\t\t\t<path fill=\"#fff\" d=\"M2 0a2 2 0 0 0-2 2v2h1.5V2a.5.5 0 0 1 .5-.5h2V0H2Zm2 10.5H2a.5.5 0 0 1-.5-.5V8H0v2a2 2 0 0 0 2 2h2v-1.5ZM8 12v-1.5h2a.5.5 0 0 0 .5-.5V8H12v2a2 2 0 0 1-2 2H8Zm2-12a2 2 0 0 1 2 2v2h-1.5V2a.5.5 0 0 0-.5-.5H8V0h2Z\" \/>\n\t\t\t<\/svg>\n\t\t<\/button><\/figure>\n<\/div>\n<\/div>\n\n\n\n<p class=\"has-text-align-justify\" data-aos=\"fade\" data-aos-delay=\"250\" data-aos-duration=\"800\" data-aos-mirror=\"true\">Az Aviva oktat\u00e1som megt\u00e1mogatja a j\u00f3ga oktat\u00e1sban 35 \u00e9v tapasztalatom is.<\/p>\n\n\n\n<p class=\"has-text-align-justify\" data-aos=\"fade\" data-aos-delay=\"250\" data-aos-duration=\"800\" data-aos-mirror=\"true\">A gyakorlat hat\u00e1s \u00e1ltal el\u0151id\u00e9zett v\u00e9rb\u0151s\u00e9g term\u00e9szetes m\u00f3don a test \u00f6ngy\u00f3gy\u00edt\u00f3 er\u0151inek beind\u00edt\u00e1s\u00e1val seg\u00edt az eg\u00e9szs\u00e9g helyre\u00e1ll\u00edt\u00e1s\u00e1ban, meg\u0151rz\u00e9s\u00e9ben.<\/p>\n\n\n\n<figure data-wp-context=\"{&quot;imageId&quot;:&quot;69e2330c3b997&quot;}\" data-wp-interactive=\"core\/image\" data-wp-key=\"69e2330c3b997\" class=\"wp-block-image aligncenter size-large is-resized wp-lightbox-container\" data-aos=\"fade-up\" data-aos-delay=\"150\" data-aos-duration=\"650\" data-aos-mirror=\"true\"><img loading=\"lazy\" decoding=\"async\" width=\"768\" height=\"1024\" data-wp-class--hide=\"state.isContentHidden\" data-wp-class--show=\"state.isContentVisible\" data-wp-init=\"callbacks.setButtonStyles\" data-wp-on--click=\"actions.showLightbox\" data-wp-on--load=\"callbacks.setButtonStyles\" data-wp-on-window--resize=\"callbacks.setButtonStyles\" src=\"https:\/\/nxt37516.nextadmin.hu\/wordpress\/wp-content\/uploads\/2024\/04\/aviva-modszer-768x1024.jpg\" alt=\"\" class=\"wp-image-658\" style=\"width:250px\" srcset=\"https:\/\/www.agijoga.hu\/wp-content\/uploads\/2024\/04\/aviva-modszer-768x1024.jpg 768w, https:\/\/www.agijoga.hu\/wp-content\/uploads\/2024\/04\/aviva-modszer-225x300.jpg 225w, https:\/\/www.agijoga.hu\/wp-content\/uploads\/2024\/04\/aviva-modszer-1152x1536.jpg 1152w, https:\/\/www.agijoga.hu\/wp-content\/uploads\/2024\/04\/aviva-modszer.jpg 1500w\" sizes=\"auto, (max-width: 768px) 100vw, 768px\" \/><button\n\t\t\tclass=\"lightbox-trigger\"\n\t\t\ttype=\"button\"\n\t\t\taria-haspopup=\"dialog\"\n\t\t\taria-label=\"Nagy\u00edt\u00e1s\"\n\t\t\tdata-wp-init=\"callbacks.initTriggerButton\"\n\t\t\tdata-wp-on--click=\"actions.showLightbox\"\n\t\t\tdata-wp-style--right=\"state.imageButtonRight\"\n\t\t\tdata-wp-style--top=\"state.imageButtonTop\"\n\t\t>\n\t\t\t<svg xmlns=\"http:\/\/www.w3.org\/2000\/svg\" width=\"12\" height=\"12\" fill=\"none\" viewBox=\"0 0 12 12\">\n\t\t\t\t<path fill=\"#fff\" d=\"M2 0a2 2 0 0 0-2 2v2h1.5V2a.5.5 0 0 1 .5-.5h2V0H2Zm2 10.5H2a.5.5 0 0 1-.5-.5V8H0v2a2 2 0 0 0 2 2h2v-1.5ZM8 12v-1.5h2a.5.5 0 0 0 .5-.5V8H12v2a2 2 0 0 1-2 2H8Zm2-12a2 2 0 0 1 2 2v2h-1.5V2a.5.5 0 0 0-.5-.5H8V0h2Z\" \/>\n\t\t\t<\/svg>\n\t\t<\/button><\/figure>\n\n\n\n<p data-aos=\"fade\" data-aos-delay=\"250\" data-aos-duration=\"800\" data-aos-mirror=\"true\">Az al\u00e1bbi gyakorlatokat biztos\u00edtom: <\/p>\n<\/div>\n\n\n\n<div class=\"wp-block-group has-global-padding is-layout-constrained wp-container-core-group-is-layout-8a400663 wp-block-group-is-layout-constrained\">\n<div class=\"wp-block-group has-background has-global-padding is-layout-constrained wp-block-group-is-layout-constrained\" style=\"border-style:none;border-width:0px;background-color:#ece9d5\" data-aos=\"fade\">\n<ul class=\"wp-block-list\">\n<li style=\"margin-top:var(--wp--preset--spacing--10);margin-bottom:var(--wp--preset--spacing--10)\" data-aos=\"fade-left\" data-aos-delay=\"250\" data-aos-duration=\"800\" data-aos-mirror=\"true\">Aviva alaptanfolyam 4 \u00f3r\u00e1ban<\/li>\n\n\n\n<li style=\"margin-top:var(--wp--preset--spacing--10);margin-bottom:var(--wp--preset--spacing--10)\" data-aos=\"fade-left\" data-aos-delay=\"250\" data-aos-duration=\"800\" data-aos-mirror=\"true\">&nbsp;Terhestorna, sz\u00fcl\u00e9s ut\u00e1ni helyre\u00e1ll\u00edt\u00f3 torna<\/li>\n\n\n\n<li style=\"margin-top:var(--wp--preset--spacing--10);margin-bottom:var(--wp--preset--spacing--10)\" data-aos=\"fade-left\" data-aos-delay=\"250\" data-aos-duration=\"800\" data-aos-mirror=\"true\">Tini &#8211; torna, g\u00e1tizomer\u0151s\u00edt\u0151 torna<\/li>\n\n\n\n<li style=\"margin-top:var(--wp--preset--spacing--10);margin-bottom:var(--wp--preset--spacing--10)\" data-aos=\"fade-left\" data-aos-delay=\"250\" data-aos-duration=\"800\" data-aos-mirror=\"true\">A v\u00e1ltoz\u00f3kor torn\u00e1ja <\/li>\n\n\n\n<li style=\"margin-top:var(--wp--preset--spacing--10);margin-bottom:var(--wp--preset--spacing--10)\" data-aos=\"fade-left\" data-aos-delay=\"250\" data-aos-duration=\"800\" data-aos-mirror=\"true\">Hormontorna f\u00e9rfiaknak<\/li>\n<\/ul>\n<\/div>\n<\/div>\n\n\n\n<div class=\"wp-block-group has-global-padding is-layout-constrained wp-block-group-is-layout-constrained\">\n<p data-aos=\"fade\">Ak\u00e1r online \u00f3ra keret\u00e9ben is!<\/p>\n<\/div>\n\n\n\n<div class=\"wp-block-group has-global-padding is-layout-constrained wp-block-group-is-layout-constrained\">\n<p class=\"has-text-align-justify\">Megh\u00edv\u00e1sra Csongr\u00e1d-Csan\u00e1d megy\u00e9ben \u00e9s azon k\u00edv\u00fcl is sz\u00edvesen v\u00e1llalom el\u0151ad\u00e1sokon a m\u00f3dszert megismertet\u00e9s\u00e9t, illetve megtan\u00edtom az \u00e9rdekl\u0151d\u0151knek.<br>H\u00e9tv\u00e9gi programban el\u0151re megbesz\u00e9lt id\u0151pontban sz\u00fcks\u00e9ges.<\/p>\n<\/div>\n\n\n\n<div class=\"wp-block-group has-global-padding is-layout-constrained wp-block-group-is-layout-constrained\">\n<p><strong>Aviva id\u0151pontok:<\/strong> <\/p>\n\n\n\n<div class=\"wp-block-group has-global-padding is-layout-constrained wp-container-core-group-is-layout-8a400663 wp-block-group-is-layout-constrained\">\n<ul class=\"wp-block-list\">\n<li style=\"margin-top:var(--wp--preset--spacing--10);margin-bottom:var(--wp--preset--spacing--10)\" data-aos=\"fade-left\" data-aos-delay=\"150\">cs\u00fct\u00f6rt\u00f6k 17-18 -ig gyakorl\u00f3 \u00f3ra<\/li>\n\n\n\n<li style=\"margin-top:var(--wp--preset--spacing--10);margin-bottom:var(--wp--preset--spacing--10)\" data-aos=\"fade-left\" data-aos-delay=\"300\">p\u00e9ntek reggel 8.00&nbsp; v\u00e1ltoz\u00f3kor\u00faaknak, g\u00e1tizomer\u0151s\u00edt\u0151 torna<\/li>\n\n\n\n<li style=\"margin-top:var(--wp--preset--spacing--10);margin-bottom:var(--wp--preset--spacing--10)\" data-aos=\"fade-left\" data-aos-delay=\"450\">minden&nbsp; p\u00e9nteken&nbsp;&nbsp; du 15-16 gyakorl\u00f3 \u00f3ra<\/li>\n\n\n\n<li style=\"margin-top:var(--wp--preset--spacing--10);margin-bottom:var(--wp--preset--spacing--10)\" data-aos=\"fade-left\" data-aos-delay=\"600\">minden p\u00e9nteken &nbsp; du 16-20 \u00f3r\u00e1ig, alaptanfolyam<\/li>\n\n\n\n<li style=\"margin-top:var(--wp--preset--spacing--10);margin-bottom:var(--wp--preset--spacing--10)\" data-aos=\"fade-left\" data-aos-delay=\"750\"> szombati nap csak el\u0151zetes megbesz\u00e9l\u00e9ssel<\/li>\n<\/ul>\n<\/div>\n<\/div>\n\n\n\n<div class=\"wp-block-group has-global-padding is-layout-constrained wp-block-group-is-layout-constrained\">\n<p><strong>A j\u00f3ga \u00e9s Aviva -m\u00f3dszer \u00f3r\u00e1k 2024.j\u00fanius 14 -ig v\u00e1ltozatlanok.<\/strong><\/p>\n\n\n\n<p><strong><em>J\u00fanius 15 -\u00e9t\u0151l j\u00fanius 21-ig&nbsp; \u00e9letm\u00f3dt\u00e1bor, j\u00f3gat\u00e1bor<\/em><\/strong><\/p>\n\n\n\n<p class=\"has-text-align-justify\">J\u00fanius 22 ut\u00e1n ny\u00e1ri sz\u00fcnetben a fenti id\u0151pontokban csak el\u0151zetes el\u0151zetesen jelentkez\u00e9s.<\/p>\n<\/div>\n","protected":false},"excerpt":{"rendered":"<p>Az Aviva &#8211; m\u00f3dszer: Hivatalos oktat\u00f3ja vagyok m\u00e1r 2008 \u00f3ta Szegeden. Azon szerencs\u00e9sek k\u00f6z\u00e9 tartozom akik el\u0151sz\u0151r v\u00e9gezt\u00e9k el az oktat\u00f3i k\u00e9pz\u00e9st T\u00f3th L\u00edvi\u00e1n\u00e1l. M\u00e9g abban az \u00e9vben tal\u00e1lkoztam Aviva Gabriella Steiner-rel is Tel Aviv -ban. A m\u00f3dszer hat\u00e9konys\u00e1g\u00e1t a hossz\u00fa \u00e9vek bizony\u00edtott\u00e1k a gyakorl\u00f3k visszajelz\u00e9se alapj\u00e1n. Akinek gondja ad\u00f3dik eg\u00e9szs\u00e9g\u00e9vel, hormon\u00e1lis egyens\u00falya kibillen az [&hellip;]<\/p>\n","protected":false},"author":2,"featured_media":0,"parent":0,"menu_order":0,"comment_status":"closed","ping_status":"closed","template":"","meta":{"_editorskit_title_hidden":false,"_editorskit_reading_time":0,"_editorskit_is_block_options_detached":false,"_editorskit_block_options_position":"{}","_uag_custom_page_level_css":"","footnotes":""},"class_list":["post-170","page","type-page","status-publish","hentry"],"uagb_featured_image_src":{"full":false,"thumbnail":false,"medium":false,"medium_large":false,"large":false,"1536x1536":false,"2048x2048":false},"uagb_author_info":{"display_name":"Admin","author_link":"https:\/\/www.agijoga.hu\/?author=2"},"uagb_comment_info":0,"uagb_excerpt":"Az Aviva &#8211; m\u00f3dszer: Hivatalos oktat\u00f3ja vagyok m\u00e1r 2008 \u00f3ta Szegeden. Azon szerencs\u00e9sek k\u00f6z\u00e9 tartozom akik el\u0151sz\u0151r v\u00e9gezt\u00e9k el az oktat\u00f3i k\u00e9pz\u00e9st T\u00f3th L\u00edvi\u00e1n\u00e1l. M\u00e9g abban az \u00e9vben tal\u00e1lkoztam Aviva Gabriella Steiner-rel is Tel Aviv -ban. A m\u00f3dszer hat\u00e9konys\u00e1g\u00e1t a hossz\u00fa \u00e9vek bizony\u00edtott\u00e1k a gyakorl\u00f3k visszajelz\u00e9se alapj\u00e1n. Akinek gondja ad\u00f3dik eg\u00e9szs\u00e9g\u00e9vel, hormon\u00e1lis egyens\u00falya kibillen az&hellip;","_links":{"self":[{"href":"https:\/\/www.agijoga.hu\/index.php?rest_route=\/wp\/v2\/pages\/170","targetHints":{"allow":["GET"]}}],"collection":[{"href":"https:\/\/www.agijoga.hu\/index.php?rest_route=\/wp\/v2\/pages"}],"about":[{"href":"https:\/\/www.agijoga.hu\/index.php?rest_route=\/wp\/v2\/types\/page"}],"author":[{"embeddable":true,"href":"https:\/\/www.agijoga.hu\/index.php?rest_route=\/wp\/v2\/users\/2"}],"replies":[{"embeddable":true,"href":"https:\/\/www.agijoga.hu\/index.php?rest_route=%2Fwp%2Fv2%2Fcomments&post=170"}],"version-history":[{"count":85,"href":"https:\/\/www.agijoga.hu\/index.php?rest_route=\/wp\/v2\/pages\/170\/revisions"}],"predecessor-version":[{"id":677,"href":"https:\/\/www.agijoga.hu\/index.php?rest_route=\/wp\/v2\/pages\/170\/revisions\/677"}],"wp:attachment":[{"href":"https:\/\/www.agijoga.hu\/index.php?rest_route=%2Fwp%2Fv2%2Fmedia&parent=170"}],"curies":[{"name":"wp","href":"https:\/\/api.w.org\/{rel}","templated":true}]}}