{"id":85,"date":"2024-03-04T08:36:57","date_gmt":"2024-03-04T08:36:57","guid":{"rendered":"https:\/\/nxt37516.nextadmin.hu\/wordpress\/?page_id=85"},"modified":"2025-01-03T14:04:13","modified_gmt":"2025-01-03T14:04:13","slug":"esemenyek","status":"publish","type":"page","link":"https:\/\/www.agijoga.hu\/?page_id=85","title":{"rendered":"H\u00edrek"},"content":{"rendered":"\n<div class=\"wp-block-group has-global-padding is-layout-constrained wp-block-group-is-layout-constrained\"><h2 class=\"wp-block-post-title\">H\u00edrek<\/h2><\/div>\n\n\n\n<hr class=\"wp-block-separator alignwide has-alpha-channel-opacity\"\/>\n\n\n\n<div class=\"wp-block-group has-global-padding is-layout-constrained wp-block-group-is-layout-constrained\">\n<div class=\"wp-block-query is-layout-flow wp-block-query-is-layout-flow\"><ul data-aos-delay=\"200\" data-aos-duration=\"500\" data-aos=\"fade\" class=\"wp-block-post-template is-layout-flow wp-container-core-post-template-is-layout-c4582066 wp-block-post-template-is-layout-flow\"><li class=\"wp-block-post post-698 post type-post status-publish format-standard hentry category-uncategorized\">\n<h2 data-aos-delay=\"200\" data-aos-duration=\"500\" data-aos=\"fade\" class=\"wp-block-post-title has-large-font-size\"><a href=\"https:\/\/www.agijoga.hu\/?p=698\" target=\"_self\" >J\u00f3ga \u00faj \u00e9vad janu\u00e1r 6-t\u00f3l<\/a><\/h2>\n\n\n<div class=\"wp-block-columns is-layout-flex wp-container-core-columns-is-layout-28f84493 wp-block-columns-is-layout-flex\">\n<div class=\"wp-block-column is-vertically-aligned-center is-layout-flow wp-block-column-is-layout-flow\" style=\"flex-basis:33.33%\">\n<div class=\"wp-block-group has-global-padding is-layout-constrained wp-container-core-group-is-layout-fa05d490 wp-block-group-is-layout-constrained\" data-aos=\"fade-right\" data-aos-delay=\"200\" data-aos-duration=\"500\"><\/div>\n<\/div>\n\n\n\n<div class=\"wp-block-column is-layout-flow wp-block-column-is-layout-flow\" style=\"flex-basis:66.66%\" data-aos=\"fade\" data-aos-delay=\"150\" data-aos-duration=\"500\"><div style=\"padding-top:var(--wp--preset--spacing--10);\" class=\"wp-block-post-excerpt has-text-color has-contrast-2-color has-small-font-size wp-container-content-32e3a40d\"><p class=\"wp-block-post-excerpt__excerpt\">Kezd\u0151dj\u00f6n a 2026-os \u00e9v j\u00f3g\u00e1val! Az \u00faj \u00e9vad janu\u00e1r 6-\u00e1n, a megszokott \u00f3rarend szerint indul. \u00dajdons\u00e1gok: A r\u00e9szletekhez \u00e9s a bel\u00e9p\u00e9si linkekhez k\u00e9rj\u00fck, jelezze jelentkez\u00e9s\u00e9t e-mailben. Az els\u0151 \u00f3ra mind a jelenl\u00e9ti, mind az online foglalkoz\u00e1son ingyenes! Kezd\u0151knek sz\u00f3l\u00f3 j\u00f3ga alaptanfolyamJanu\u00e1r 17-\u00e9n 10 \u00f3r\u00e1t\u00f3l 8&hellip;<\/p><p class=\"wp-block-post-excerpt__more-text\"><a class=\"wp-block-post-excerpt__more-link\" href=\"https:\/\/www.agijoga.hu\/?p=698\">Tov\u00e1bb&#8230;<\/a><\/p><\/div>\n\n<div style=\"font-size:0.6rem;\" class=\"wp-block-post-date\"><time datetime=\"2026-01-03T13:44:00+00:00\">2026-01-03<\/time><\/div><\/div>\n<\/div>\n\n<\/li><li class=\"wp-block-post post-651 post type-post status-publish format-standard has-post-thumbnail hentry category-uncategorized\">\n<h2 data-aos-delay=\"200\" data-aos-duration=\"500\" data-aos=\"fade\" class=\"wp-block-post-title has-large-font-size\"><a href=\"https:\/\/www.agijoga.hu\/?p=651\" target=\"_self\" >L\u00f3tusz Napok a szegedi F\u00fcv\u00e9szkertben<\/a><\/h2>\n\n\n<div class=\"wp-block-columns is-layout-flex wp-container-core-columns-is-layout-28f84493 wp-block-columns-is-layout-flex\">\n<div class=\"wp-block-column is-vertically-aligned-center is-layout-flow wp-block-column-is-layout-flow\" style=\"flex-basis:33.33%\">\n<div class=\"wp-block-group has-global-padding is-layout-constrained wp-container-core-group-is-layout-fa05d490 wp-block-group-is-layout-constrained\" data-aos=\"fade-right\" data-aos-delay=\"200\" data-aos-duration=\"500\"><figure class=\"wp-block-post-featured-image\"><img loading=\"lazy\" decoding=\"async\" width=\"1500\" height=\"2000\" src=\"https:\/\/www.agijoga.hu\/wp-content\/uploads\/2024\/04\/IMG_20210723_172802_DxO.jpg\" class=\"attachment-post-thumbnail size-post-thumbnail wp-post-image\" alt=\"\" style=\"border-radius:5px;object-fit:cover;\" srcset=\"https:\/\/www.agijoga.hu\/wp-content\/uploads\/2024\/04\/IMG_20210723_172802_DxO.jpg 1500w, https:\/\/www.agijoga.hu\/wp-content\/uploads\/2024\/04\/IMG_20210723_172802_DxO-225x300.jpg 225w, https:\/\/www.agijoga.hu\/wp-content\/uploads\/2024\/04\/IMG_20210723_172802_DxO-768x1024.jpg 768w, https:\/\/www.agijoga.hu\/wp-content\/uploads\/2024\/04\/IMG_20210723_172802_DxO-1152x1536.jpg 1152w\" sizes=\"auto, (max-width: 1500px) 100vw, 1500px\" \/><span class=\"wp-block-post-featured-image__overlay has-background-dim has-background-dim-20\" style=\"border-radius:5px\" aria-hidden=\"true\"><\/span><\/figure><\/div>\n<\/div>\n\n\n\n<div class=\"wp-block-column is-layout-flow wp-block-column-is-layout-flow\" style=\"flex-basis:66.66%\" data-aos=\"fade\" data-aos-delay=\"150\" data-aos-duration=\"500\"><div style=\"padding-top:var(--wp--preset--spacing--10);\" class=\"wp-block-post-excerpt has-text-color has-contrast-2-color has-small-font-size wp-container-content-32e3a40d\"><p class=\"wp-block-post-excerpt__excerpt\">2024. j\u00falius v\u00e9ge Szegedi F\u00fcv\u00e9szkertben L\u00f3tusz Napok-on r\u00e9szletes program a f\u00fcv\u00e9szkert honlapj\u00e1n el\u00e9rhet\u0151, kihelyezett s\u00e1trunkban &#8211;\u00a0 napi 3 alkalommal is &#8211;\u00a0 lehet\u0151s\u00e9g lesz j\u00f3ga\u00f3r\u00e1n r\u00e9szt venni. P\u00e1l Moln\u00e1r R\u00e9ka kedves oktat\u00f3 t\u00e1rsammal egy\u00fctt ott lesz\u00fcnk.<\/p><p class=\"wp-block-post-excerpt__more-text\"><a class=\"wp-block-post-excerpt__more-link\" href=\"https:\/\/www.agijoga.hu\/?p=651\">Tov\u00e1bb&#8230;<\/a><\/p><\/div>\n\n<div style=\"font-size:0.6rem;\" class=\"wp-block-post-date\"><time datetime=\"2024-04-27T20:34:31+00:00\">2024-04-27<\/time><\/div><\/div>\n<\/div>\n\n<\/li><li class=\"wp-block-post post-648 post type-post status-publish format-standard hentry category-uncategorized\">\n<h2 data-aos-delay=\"200\" data-aos-duration=\"500\" data-aos=\"fade\" class=\"wp-block-post-title has-large-font-size\"><a href=\"https:\/\/www.agijoga.hu\/?p=648\" target=\"_self\" >Orf\u0171 J\u00f3gat\u00e1bor<\/a><\/h2>\n\n\n<div class=\"wp-block-columns is-layout-flex wp-container-core-columns-is-layout-28f84493 wp-block-columns-is-layout-flex\">\n<div class=\"wp-block-column is-vertically-aligned-center is-layout-flow wp-block-column-is-layout-flow\" style=\"flex-basis:33.33%\">\n<div class=\"wp-block-group has-global-padding is-layout-constrained wp-container-core-group-is-layout-fa05d490 wp-block-group-is-layout-constrained\" data-aos=\"fade-right\" data-aos-delay=\"200\" data-aos-duration=\"500\"><\/div>\n<\/div>\n\n\n\n<div class=\"wp-block-column is-layout-flow wp-block-column-is-layout-flow\" style=\"flex-basis:66.66%\" data-aos=\"fade\" data-aos-delay=\"150\" data-aos-duration=\"500\"><div style=\"padding-top:var(--wp--preset--spacing--10);\" class=\"wp-block-post-excerpt has-text-color has-contrast-2-color has-small-font-size wp-container-content-32e3a40d\"><p class=\"wp-block-post-excerpt__excerpt\">2024. j\u00fanius 15-21-ig Orf\u0171n J\u00f3gat\u00e1bor V\u00e1rhelyi S\u00e1ndor&nbsp; vezet\u00e9s\u00e9vel r\u00e9szleteket t\u0151lem e mailben k\u00e9rj! Lehet\u0151s\u00e9g lesz\u00a0 j\u00f3ga\u00f3r\u00e1n r\u00e9szt venni P\u00e1l Moln\u00e1r R\u00e9ka kedves oktat\u00f3 t\u00e1rsammal egy\u00fctt.<\/p><p class=\"wp-block-post-excerpt__more-text\"><a class=\"wp-block-post-excerpt__more-link\" href=\"https:\/\/www.agijoga.hu\/?p=648\">Tov\u00e1bb&#8230;<\/a><\/p><\/div>\n\n<div style=\"font-size:0.6rem;\" class=\"wp-block-post-date\"><time datetime=\"2024-04-27T20:32:41+00:00\">2024-04-27<\/time><\/div><\/div>\n<\/div>\n\n<\/li><\/ul>\n\n\n\n<\/div>\n<\/div>\n","protected":false},"excerpt":{"rendered":"","protected":false},"author":2,"featured_media":0,"parent":0,"menu_order":0,"comment_status":"closed","ping_status":"closed","template":"","meta":{"_editorskit_title_hidden":false,"_editorskit_reading_time":0,"_editorskit_is_block_options_detached":false,"_editorskit_block_options_position":"{}","_uag_custom_page_level_css":"","footnotes":""},"class_list":["post-85","page","type-page","status-publish","hentry"],"uagb_featured_image_src":{"full":false,"thumbnail":false,"medium":false,"medium_large":false,"large":false,"1536x1536":false,"2048x2048":false},"uagb_author_info":{"display_name":"Admin","author_link":"https:\/\/www.agijoga.hu\/?author=2"},"uagb_comment_info":0,"uagb_excerpt":null,"_links":{"self":[{"href":"https:\/\/www.agijoga.hu\/index.php?rest_route=\/wp\/v2\/pages\/85","targetHints":{"allow":["GET"]}}],"collection":[{"href":"https:\/\/www.agijoga.hu\/index.php?rest_route=\/wp\/v2\/pages"}],"about":[{"href":"https:\/\/www.agijoga.hu\/index.php?rest_route=\/wp\/v2\/types\/page"}],"author":[{"embeddable":true,"href":"https:\/\/www.agijoga.hu\/index.php?rest_route=\/wp\/v2\/users\/2"}],"replies":[{"embeddable":true,"href":"https:\/\/www.agijoga.hu\/index.php?rest_route=%2Fwp%2Fv2%2Fcomments&post=85"}],"version-history":[{"count":55,"href":"https:\/\/www.agijoga.hu\/index.php?rest_route=\/wp\/v2\/pages\/85\/revisions"}],"predecessor-version":[{"id":700,"href":"https:\/\/www.agijoga.hu\/index.php?rest_route=\/wp\/v2\/pages\/85\/revisions\/700"}],"wp:attachment":[{"href":"https:\/\/www.agijoga.hu\/index.php?rest_route=%2Fwp%2Fv2%2Fmedia&parent=85"}],"curies":[{"name":"wp","href":"https:\/\/api.w.org\/{rel}","templated":true}]}}